{"id":281,"date":"2025-11-21T17:12:47","date_gmt":"2025-11-21T17:12:47","guid":{"rendered":"https:\/\/merino.sayonara.com.mx\/?page_id=281"},"modified":"2025-11-21T17:20:12","modified_gmt":"2025-11-21T17:20:12","slug":"blog","status":"publish","type":"page","link":"https:\/\/merino.sayonara.com.mx\/index.php\/blog\/","title":{"rendered":"\ud83d\udcf0 Nuestro Blog"},"content":{"rendered":"\n<p>Descubre ideas, estrategias y gu\u00edas pr\u00e1cticas para hacer crecer tu marca en el mundo digital. Aqu\u00ed compartimos conocimiento directo, sencillo y \u00fatil sobre marketing, publicidad y redes sociales.<\/p>\n\n\n\n<h2 class=\"wp-block-heading\">\ud83d\udca1 <strong>Contenido que te ayuda a crecer<\/strong><\/h2>\n\n\n\n<p>Publicamos an\u00e1lisis, consejos y tendencias para que puedas tomar mejores decisiones y conectar con tus clientes de forma inteligente.<\/p>\n\n\n\n<h2 class=\"wp-block-heading\">\ud83d\ude80 <strong>Aprende. Aplica. Crece.<\/strong><\/h2>\n\n\n\n<p>Creemos en el marketing simple, medible y enfocado en resultados reales. Cada art\u00edculo est\u00e1 creado para aportarte valor, no solo informaci\u00f3n.<\/p>\n\n\n\n<pre class=\"wp-block-verse\">\"La mejor manera de resolver algo complejo y complicado, es haci\u00e9ndolo simple\"<\/pre>\n","protected":false},"excerpt":{"rendered":"<p>Descubre ideas, estrategias y gu\u00edas pr\u00e1cticas para hacer crecer tu marca en el mundo digital. Aqu\u00ed compartimos conocimiento directo, sencillo y \u00fatil sobre marketing, publicidad y redes sociales. \ud83d\udca1 Contenido que te ayuda a crecer Publicamos an\u00e1lisis, consejos y tendencias para que puedas tomar mejores decisiones y conectar con tus clientes de forma inteligente. \ud83d\ude80 Aprende. Aplica. Crece. Creemos en el marketing simple, medible y enfocado en resultados reales. Cada art\u00edculo est\u00e1 creado para aportarte valor, no solo informaci\u00f3n. &#8220;La mejor manera de resolver algo complejo y complicado, es haci\u00e9ndolo simple&#8221;<\/p>\n","protected":false},"author":1,"featured_media":0,"parent":0,"menu_order":0,"comment_status":"closed","ping_status":"closed","template":"","meta":{"footnotes":""},"class_list":["post-281","page","type-page","status-publish","hentry"],"_links":{"self":[{"href":"https:\/\/merino.sayonara.com.mx\/index.php\/wp-json\/wp\/v2\/pages\/281","targetHints":{"allow":["GET"]}}],"collection":[{"href":"https:\/\/merino.sayonara.com.mx\/index.php\/wp-json\/wp\/v2\/pages"}],"about":[{"href":"https:\/\/merino.sayonara.com.mx\/index.php\/wp-json\/wp\/v2\/types\/page"}],"author":[{"embeddable":true,"href":"https:\/\/merino.sayonara.com.mx\/index.php\/wp-json\/wp\/v2\/users\/1"}],"replies":[{"embeddable":true,"href":"https:\/\/merino.sayonara.com.mx\/index.php\/wp-json\/wp\/v2\/comments?post=281"}],"version-history":[{"count":3,"href":"https:\/\/merino.sayonara.com.mx\/index.php\/wp-json\/wp\/v2\/pages\/281\/revisions"}],"predecessor-version":[{"id":293,"href":"https:\/\/merino.sayonara.com.mx\/index.php\/wp-json\/wp\/v2\/pages\/281\/revisions\/293"}],"wp:attachment":[{"href":"https:\/\/merino.sayonara.com.mx\/index.php\/wp-json\/wp\/v2\/media?parent=281"}],"curies":[{"name":"wp","href":"https:\/\/api.w.org\/{rel}","templated":true}]}}